{"id":677,"date":"2023-02-15T11:20:05","date_gmt":"2023-02-15T10:20:05","guid":{"rendered":"https:\/\/ebtechnique.fr\/?page_id=677"},"modified":"2023-11-26T12:54:46","modified_gmt":"2023-11-26T11:54:46","slug":"politique-de-confidentialite","status":"publish","type":"page","link":"https:\/\/ebtechnique.fr\/index.php\/accueil\/politique-de-confidentialite\/","title":{"rendered":"Politique de confidentialit\u00e9"},"content":{"rendered":"\n<p>Ce site web utilise la Privacy Suite for WordPress de Complianz pour collecter et enregistrer le consentement bas\u00e9 sur le navigateur et l\u2019appareil. Pour cette fonctionnalit\u00e9, votre adresse IP est anonymis\u00e9e et stock\u00e9e dans notre base de donn\u00e9es.\u00a0Ce service ne traite aucune information permettant d\u2019identifier une personne et ne partage aucune donn\u00e9e avec le prestataire de services.\u00a0Pour plus d\u2019informations, consultez la\u00a0<a href=\"https:\/\/complianz.io\/legal\/privacy-statement\/\">D\u00e9claration de confidentialit\u00e9<\/a>\u00a0de Complianz.<\/p>\n","protected":false},"excerpt":{"rendered":"<p>Ce site web utilise la Privacy Suite for WordPress de Complianz pour collecter et enregistrer le consentement bas\u00e9 sur le navigateur et l\u2019appareil. Pour cette fonctionnalit\u00e9, votre adresse IP est anonymis\u00e9e et stock\u00e9e dans notre base de donn\u00e9es.\u00a0Ce service ne traite aucune information permettant d\u2019identifier une personne et ne partage aucune donn\u00e9e avec le prestataire [&hellip;]<\/p>\n","protected":false},"author":1,"featured_media":0,"parent":359,"menu_order":0,"comment_status":"closed","ping_status":"closed","template":"","meta":{"footnotes":""},"class_list":["post-677","page","type-page","status-publish","hentry"],"yoast_head":"<!-- This site is optimized with the Yoast SEO plugin v27.3 - https:\/\/yoast.com\/product\/yoast-seo-wordpress\/ -->\n<title>Politique de confidentialit\u00e9 - SAS EBechnique<\/title>\n<meta name=\"description\" content=\"Dessinateur projeteur - Technicien Bureau d&#039;\u00e9tudes et m\u00e9thodes\" \/>\n<meta name=\"robots\" content=\"index, follow, max-snippet:-1, max-image-preview:large, max-video-preview:-1\" \/>\n<link rel=\"canonical\" href=\"https:\/\/ebtechnique.fr\/index.php\/accueil\/politique-de-confidentialite\/\" \/>\n<meta property=\"og:locale\" content=\"fr_FR\" \/>\n<meta property=\"og:type\" content=\"article\" \/>\n<meta property=\"og:title\" content=\"Politique de confidentialit\u00e9 - SAS EBechnique\" \/>\n<meta property=\"og:description\" content=\"Dessinateur projeteur - Technicien Bureau d&#039;\u00e9tudes et m\u00e9thodes\" \/>\n<meta property=\"og:url\" content=\"https:\/\/ebtechnique.fr\/index.php\/accueil\/politique-de-confidentialite\/\" \/>\n<meta property=\"og:site_name\" content=\"SAS EBechnique\" \/>\n<meta property=\"article:modified_time\" content=\"2023-11-26T11:54:46+00:00\" \/>\n<meta name=\"twitter:card\" content=\"summary_large_image\" \/>\n<meta name=\"twitter:label1\" content=\"Dur\u00e9e de lecture estim\u00e9e\" \/>\n\t<meta name=\"twitter:data1\" content=\"1 minute\" \/>\n<script type=\"application\/ld+json\" class=\"yoast-schema-graph\">{\"@context\":\"https:\\\/\\\/schema.org\",\"@graph\":[{\"@type\":\"WebPage\",\"@id\":\"https:\\\/\\\/ebtechnique.fr\\\/index.php\\\/accueil\\\/politique-de-confidentialite\\\/\",\"url\":\"https:\\\/\\\/ebtechnique.fr\\\/index.php\\\/accueil\\\/politique-de-confidentialite\\\/\",\"name\":\"Politique de confidentialit\u00e9 - SAS EBechnique\",\"isPartOf\":{\"@id\":\"https:\\\/\\\/ebtechnique.fr\\\/#website\"},\"datePublished\":\"2023-02-15T10:20:05+00:00\",\"dateModified\":\"2023-11-26T11:54:46+00:00\",\"description\":\"Dessinateur projeteur - Technicien Bureau d'\u00e9tudes et m\u00e9thodes\",\"breadcrumb\":{\"@id\":\"https:\\\/\\\/ebtechnique.fr\\\/index.php\\\/accueil\\\/politique-de-confidentialite\\\/#breadcrumb\"},\"inLanguage\":\"fr-FR\",\"potentialAction\":[{\"@type\":\"ReadAction\",\"target\":[\"https:\\\/\\\/ebtechnique.fr\\\/index.php\\\/accueil\\\/politique-de-confidentialite\\\/\"]}]},{\"@type\":\"BreadcrumbList\",\"@id\":\"https:\\\/\\\/ebtechnique.fr\\\/index.php\\\/accueil\\\/politique-de-confidentialite\\\/#breadcrumb\",\"itemListElement\":[{\"@type\":\"ListItem\",\"position\":1,\"name\":\"Accueil\",\"item\":\"https:\\\/\\\/ebtechnique.fr\\\/\"},{\"@type\":\"ListItem\",\"position\":2,\"name\":\"Dessinateur projeteur\",\"item\":\"https:\\\/\\\/ebtechnique.fr\\\/\"},{\"@type\":\"ListItem\",\"position\":3,\"name\":\"Politique de confidentialit\u00e9\"}]},{\"@type\":\"WebSite\",\"@id\":\"https:\\\/\\\/ebtechnique.fr\\\/#website\",\"url\":\"https:\\\/\\\/ebtechnique.fr\\\/\",\"name\":\"SAS EBechnique\",\"description\":\"Dessinateur projeteur - Technicien Bureau d&#039;\u00e9tudes et m\u00e9thodes\",\"publisher\":{\"@id\":\"https:\\\/\\\/ebtechnique.fr\\\/#organization\"},\"potentialAction\":[{\"@type\":\"SearchAction\",\"target\":{\"@type\":\"EntryPoint\",\"urlTemplate\":\"https:\\\/\\\/ebtechnique.fr\\\/?s={search_term_string}\"},\"query-input\":{\"@type\":\"PropertyValueSpecification\",\"valueRequired\":true,\"valueName\":\"search_term_string\"}}],\"inLanguage\":\"fr-FR\"},{\"@type\":\"Organization\",\"@id\":\"https:\\\/\\\/ebtechnique.fr\\\/#organization\",\"name\":\"EBtechnique\",\"url\":\"https:\\\/\\\/ebtechnique.fr\\\/\",\"logo\":{\"@type\":\"ImageObject\",\"inLanguage\":\"fr-FR\",\"@id\":\"https:\\\/\\\/ebtechnique.fr\\\/#\\\/schema\\\/logo\\\/image\\\/\",\"url\":\"https:\\\/\\\/ebtechnique.fr\\\/wp-content\\\/uploads\\\/2023\\\/02\\\/Logo11-devis.png\",\"contentUrl\":\"https:\\\/\\\/ebtechnique.fr\\\/wp-content\\\/uploads\\\/2023\\\/02\\\/Logo11-devis.png\",\"width\":640,\"height\":480,\"caption\":\"EBtechnique\"},\"image\":{\"@id\":\"https:\\\/\\\/ebtechnique.fr\\\/#\\\/schema\\\/logo\\\/image\\\/\"},\"sameAs\":[\"https:\\\/\\\/www.linkedin.com\\\/in\\\/emmanuel-bednarek-29809814a\\\/\"]}]}<\/script>\n<!-- \/ Yoast SEO plugin. -->","yoast_head_json":{"title":"Politique de confidentialit\u00e9 - SAS EBechnique","description":"Dessinateur projeteur - Technicien Bureau d'\u00e9tudes et m\u00e9thodes","robots":{"index":"index","follow":"follow","max-snippet":"max-snippet:-1","max-image-preview":"max-image-preview:large","max-video-preview":"max-video-preview:-1"},"canonical":"https:\/\/ebtechnique.fr\/index.php\/accueil\/politique-de-confidentialite\/","og_locale":"fr_FR","og_type":"article","og_title":"Politique de confidentialit\u00e9 - SAS EBechnique","og_description":"Dessinateur projeteur - Technicien Bureau d'\u00e9tudes et m\u00e9thodes","og_url":"https:\/\/ebtechnique.fr\/index.php\/accueil\/politique-de-confidentialite\/","og_site_name":"SAS EBechnique","article_modified_time":"2023-11-26T11:54:46+00:00","twitter_card":"summary_large_image","twitter_misc":{"Dur\u00e9e de lecture estim\u00e9e":"1 minute"},"schema":{"@context":"https:\/\/schema.org","@graph":[{"@type":"WebPage","@id":"https:\/\/ebtechnique.fr\/index.php\/accueil\/politique-de-confidentialite\/","url":"https:\/\/ebtechnique.fr\/index.php\/accueil\/politique-de-confidentialite\/","name":"Politique de confidentialit\u00e9 - SAS EBechnique","isPartOf":{"@id":"https:\/\/ebtechnique.fr\/#website"},"datePublished":"2023-02-15T10:20:05+00:00","dateModified":"2023-11-26T11:54:46+00:00","description":"Dessinateur projeteur - Technicien Bureau d'\u00e9tudes et m\u00e9thodes","breadcrumb":{"@id":"https:\/\/ebtechnique.fr\/index.php\/accueil\/politique-de-confidentialite\/#breadcrumb"},"inLanguage":"fr-FR","potentialAction":[{"@type":"ReadAction","target":["https:\/\/ebtechnique.fr\/index.php\/accueil\/politique-de-confidentialite\/"]}]},{"@type":"BreadcrumbList","@id":"https:\/\/ebtechnique.fr\/index.php\/accueil\/politique-de-confidentialite\/#breadcrumb","itemListElement":[{"@type":"ListItem","position":1,"name":"Accueil","item":"https:\/\/ebtechnique.fr\/"},{"@type":"ListItem","position":2,"name":"Dessinateur projeteur","item":"https:\/\/ebtechnique.fr\/"},{"@type":"ListItem","position":3,"name":"Politique de confidentialit\u00e9"}]},{"@type":"WebSite","@id":"https:\/\/ebtechnique.fr\/#website","url":"https:\/\/ebtechnique.fr\/","name":"SAS EBechnique","description":"Dessinateur projeteur - Technicien Bureau d&#039;\u00e9tudes et m\u00e9thodes","publisher":{"@id":"https:\/\/ebtechnique.fr\/#organization"},"potentialAction":[{"@type":"SearchAction","target":{"@type":"EntryPoint","urlTemplate":"https:\/\/ebtechnique.fr\/?s={search_term_string}"},"query-input":{"@type":"PropertyValueSpecification","valueRequired":true,"valueName":"search_term_string"}}],"inLanguage":"fr-FR"},{"@type":"Organization","@id":"https:\/\/ebtechnique.fr\/#organization","name":"EBtechnique","url":"https:\/\/ebtechnique.fr\/","logo":{"@type":"ImageObject","inLanguage":"fr-FR","@id":"https:\/\/ebtechnique.fr\/#\/schema\/logo\/image\/","url":"https:\/\/ebtechnique.fr\/wp-content\/uploads\/2023\/02\/Logo11-devis.png","contentUrl":"https:\/\/ebtechnique.fr\/wp-content\/uploads\/2023\/02\/Logo11-devis.png","width":640,"height":480,"caption":"EBtechnique"},"image":{"@id":"https:\/\/ebtechnique.fr\/#\/schema\/logo\/image\/"},"sameAs":["https:\/\/www.linkedin.com\/in\/emmanuel-bednarek-29809814a\/"]}]}},"featured_media_urls":[],"_links":{"self":[{"href":"https:\/\/ebtechnique.fr\/index.php\/wp-json\/wp\/v2\/pages\/677","targetHints":{"allow":["GET"]}}],"collection":[{"href":"https:\/\/ebtechnique.fr\/index.php\/wp-json\/wp\/v2\/pages"}],"about":[{"href":"https:\/\/ebtechnique.fr\/index.php\/wp-json\/wp\/v2\/types\/page"}],"author":[{"embeddable":true,"href":"https:\/\/ebtechnique.fr\/index.php\/wp-json\/wp\/v2\/users\/1"}],"replies":[{"embeddable":true,"href":"https:\/\/ebtechnique.fr\/index.php\/wp-json\/wp\/v2\/comments?post=677"}],"version-history":[{"count":5,"href":"https:\/\/ebtechnique.fr\/index.php\/wp-json\/wp\/v2\/pages\/677\/revisions"}],"predecessor-version":[{"id":690,"href":"https:\/\/ebtechnique.fr\/index.php\/wp-json\/wp\/v2\/pages\/677\/revisions\/690"}],"up":[{"embeddable":true,"href":"https:\/\/ebtechnique.fr\/index.php\/wp-json\/wp\/v2\/pages\/359"}],"wp:attachment":[{"href":"https:\/\/ebtechnique.fr\/index.php\/wp-json\/wp\/v2\/media?parent=677"}],"curies":[{"name":"wp","href":"https:\/\/api.w.org\/{rel}","templated":true}]}}